{"id":39,"date":"2017-12-02T16:36:30","date_gmt":"2017-12-02T16:36:30","guid":{"rendered":"https:\/\/divemard.com\/?page_id=39"},"modified":"2026-03-20T21:19:59","modified_gmt":"2026-03-21T01:19:59","slug":"contacto","status":"publish","type":"page","link":"https:\/\/divemard.com\/en\/contacto\/","title":{"rendered":"Contact Us"},"content":{"rendered":"<div data-elementor-type=\"wp-page\" data-elementor-id=\"39\" class=\"elementor elementor-39\">\n\t\t\t\t\t\t<section class=\"elementor-section elementor-top-section elementor-element elementor-element-fd28b39 elementor-section-boxed elementor-section-height-default elementor-section-height-default\" data-id=\"fd28b39\" data-element_type=\"section\" data-e-type=\"section\">\n\t\t\t\t\t\t<div class=\"elementor-container elementor-column-gap-default\">\n\t\t\t\t\t<div class=\"elementor-column elementor-col-100 elementor-top-column elementor-element elementor-element-d1a4bc6\" data-id=\"d1a4bc6\" data-element_type=\"column\" data-e-type=\"column\">\n\t\t\t<div class=\"elementor-widget-wrap elementor-element-populated\">\n\t\t\t\t\t\t<div class=\"elementor-element elementor-element-112b6b6 elementor-widget elementor-widget-text-editor\" data-id=\"112b6b6\" data-element_type=\"widget\" data-e-type=\"widget\" data-widget_type=\"text-editor.default\">\n\t\t\t\t<div class=\"elementor-widget-container\">\n\t\t\t\t\t\t\t\t\t<p>\u00bfTienes una consulta comercial o quieres conocer m\u00e1s sobre nuestros servicios? Escr\u00edbenos y nos pondremos en contacto contigo.<\/p>\t\t\t\t\t\t\t\t<\/div>\n\t\t\t\t<\/div>\n\t\t\t\t\t<\/div>\n\t\t<\/div>\n\t\t\t\t\t<\/div>\n\t\t<\/section>\n\t\t\t\t<section class=\"elementor-section elementor-top-section elementor-element elementor-element-2e6279e7 elementor-section-boxed elementor-section-height-default elementor-section-height-default\" data-id=\"2e6279e7\" data-element_type=\"section\" data-e-type=\"section\">\n\t\t\t\t\t\t<div class=\"elementor-container elementor-column-gap-default\">\n\t\t\t\t\t<div class=\"elementor-column elementor-col-100 elementor-top-column elementor-element elementor-element-6f0c892f\" data-id=\"6f0c892f\" data-element_type=\"column\" data-e-type=\"column\">\n\t\t\t<div class=\"elementor-widget-wrap elementor-element-populated\">\n\t\t\t\t\t\t<div class=\"elementor-element elementor-element-1a2d593b elementor-widget__width-initial elementor-widget elementor-widget-text-editor\" data-id=\"1a2d593b\" data-element_type=\"widget\" data-e-type=\"widget\" data-widget_type=\"text-editor.default\">\n\t\t\t\t<div class=\"elementor-widget-container\">\n\t\t\t\t\t\t\t\t\t<p>Naves Canal del Este, fase 2, local 2<\/p><p>Friusa, B\u00e1varo.<\/p><p>Punta Cana, Rep\u00fablica Dominicana<\/p><p>Oficina <a href=\"http:\/\/&lt;a href=&quot;tel:+18094552121&quot;&gt;+1 809 455 2121&lt;\/a&gt;\" data-wplink-url-error=\"true\">+ 1 809 455 2121<\/a><\/p><p>Celular <a href=\"http:\/\/+18097698613\" data-wplink-url-error=\"true\">+ 1 809 769 8613<\/a><\/p><p><a href=\"mailto:info@divemard.com\">info@divemard.com<\/a><\/p>\t\t\t\t\t\t\t\t<\/div>\n\t\t\t\t<\/div>\n\t\t\t\t\t<\/div>\n\t\t<\/div>\n\t\t\t\t\t<\/div>\n\t\t<\/section>\n\t\t\t\t<section class=\"elementor-section elementor-top-section elementor-element elementor-element-08d3a95 elementor-section-boxed elementor-section-height-default elementor-section-height-default\" data-id=\"08d3a95\" data-element_type=\"section\" data-e-type=\"section\">\n\t\t\t\t\t\t<div class=\"elementor-container elementor-column-gap-default\">\n\t\t\t\t\t<div class=\"elementor-column elementor-col-100 elementor-top-column elementor-element elementor-element-5977146\" data-id=\"5977146\" data-element_type=\"column\" data-e-type=\"column\">\n\t\t\t<div class=\"elementor-widget-wrap elementor-element-populated\">\n\t\t\t\t\t\t<div class=\"elementor-element elementor-element-86b177b elementor-widget elementor-widget-heading\" data-id=\"86b177b\" data-element_type=\"widget\" data-e-type=\"widget\" data-widget_type=\"heading.default\">\n\t\t\t\t<div class=\"elementor-widget-container\">\n\t\t\t\t\t<h5 class=\"elementor-heading-title elementor-size-default\">D\u00c9JANOS TUS DATOS Y NOS PONDREMOS EN CONTACTO<\/h5>\t\t\t\t<\/div>\n\t\t\t\t<\/div>\n\t\t\t\t<div class=\"elementor-element elementor-element-00aaac5 elementor-widget elementor-widget-shortcode\" data-id=\"00aaac5\" data-element_type=\"widget\" data-e-type=\"widget\" data-widget_type=\"shortcode.default\">\n\t\t\t\t<div class=\"elementor-widget-container\">\n\t\t\t\t\t\t\t<div class=\"elementor-shortcode\">\n<div class=\"wpcf7 no-js\" id=\"wpcf7-f77-o1\" lang=\"es-ES\" dir=\"ltr\" data-wpcf7-id=\"77\">\n<div class=\"screen-reader-response\"><p role=\"status\" aria-live=\"polite\" aria-atomic=\"true\"><\/p> <ul><\/ul><\/div>\n<form action=\"\/en\/wp-json\/wp\/v2\/pages\/39#wpcf7-f77-o1\" method=\"post\" class=\"wpcf7-form init\" aria-label=\"Formulario de contacto\" novalidate=\"novalidate\" data-status=\"init\" data-trp-original-action=\"\/en\/wp-json\/wp\/v2\/pages\/39#wpcf7-f77-o1\">\n<fieldset class=\"hidden-fields-container\"><input type=\"hidden\" name=\"_wpcf7\" value=\"77\" \/><input type=\"hidden\" name=\"_wpcf7_version\" value=\"6.1.5\" \/><input type=\"hidden\" name=\"_wpcf7_locale\" value=\"es_ES\" \/><input type=\"hidden\" name=\"_wpcf7_unit_tag\" value=\"wpcf7-f77-o1\" \/><input type=\"hidden\" name=\"_wpcf7_container_post\" value=\"0\" \/><input type=\"hidden\" name=\"_wpcf7_posted_data_hash\" value=\"\" \/><input type=\"hidden\" name=\"_wpcf7_recaptcha_response\" value=\"\" \/>\n<\/fieldset>\n<p><span class=\"wpcf7-form-control-wrap\" data-name=\"your-name\"><input size=\"40\" maxlength=\"400\" class=\"wpcf7-form-control wpcf7-text wpcf7-validates-as-required\" aria-required=\"true\" aria-invalid=\"false\" placeholder=\"Name\" value=\"\" type=\"text\" name=\"your-name\" \/><\/span>\n<\/p>\n<p><span class=\"wpcf7-form-control-wrap\" data-name=\"your-email\"><input size=\"40\" maxlength=\"400\" class=\"wpcf7-form-control wpcf7-email wpcf7-validates-as-required wpcf7-text wpcf7-validates-as-email\" aria-required=\"true\" aria-invalid=\"false\" placeholder=\"Email\" value=\"\" type=\"email\" name=\"your-email\" \/><\/span>\n<\/p>\n<p><span class=\"wpcf7-form-control-wrap\" data-name=\"your-subject\"><input size=\"40\" maxlength=\"400\" class=\"wpcf7-form-control wpcf7-text\" aria-invalid=\"false\" placeholder=\"Phone\" value=\"\" type=\"text\" name=\"your-subject\" \/><\/span>\n<\/p>\n<p><span class=\"wpcf7-form-control-wrap\" data-name=\"your-message\"><textarea cols=\"40\" rows=\"10\" maxlength=\"2000\" class=\"wpcf7-form-control wpcf7-textarea\" aria-invalid=\"false\" placeholder=\"Message\" name=\"your-message\"><\/textarea><\/span>\n<\/p>\n<p><input class=\"wpcf7-form-control wpcf7-submit has-spinner\" type=\"submit\" value=\"Send\" \/>\n<\/p><p style=\"display: none !important;\" class=\"akismet-fields-container\" data-prefix=\"_wpcf7_ak_\"><label>&#916;<textarea name=\"_wpcf7_ak_hp_textarea\" cols=\"45\" rows=\"8\" maxlength=\"100\"><\/textarea><\/label><input type=\"hidden\" id=\"ak_js_1\" name=\"_wpcf7_ak_js\" value=\"201\"\/><script>document.getElementById( \"ak_js_1\" ).setAttribute( \"value\", ( new Date() ).getTime() );<\/script><\/p><div class=\"wpcf7-response-output\" aria-hidden=\"true\"><\/div>\n<input type=\"hidden\" name=\"trp-form-language\" value=\"en\"\/><\/form>\n<\/div>\n<\/div>\n\t\t\t\t\t\t<\/div>\n\t\t\t\t<\/div>\n\t\t\t\t\t<\/div>\n\t\t<\/div>\n\t\t\t\t\t<\/div>\n\t\t<\/section>\n\t\t\t\t<section class=\"elementor-section elementor-top-section elementor-element elementor-element-09206b1 elementor-section-boxed elementor-section-height-default elementor-section-height-default\" data-id=\"09206b1\" data-element_type=\"section\" data-e-type=\"section\">\n\t\t\t\t\t\t<div class=\"elementor-container elementor-column-gap-default\">\n\t\t\t\t\t<div class=\"elementor-column elementor-col-100 elementor-top-column elementor-element elementor-element-940866e\" data-id=\"940866e\" data-element_type=\"column\" data-e-type=\"column\">\n\t\t\t<div class=\"elementor-widget-wrap elementor-element-populated\">\n\t\t\t\t\t\t<div class=\"elementor-element elementor-element-e5bd9db elementor-widget elementor-widget-google_maps\" data-id=\"e5bd9db\" data-element_type=\"widget\" data-e-type=\"widget\" data-widget_type=\"google_maps.default\">\n\t\t\t\t<div class=\"elementor-widget-container\">\n\t\t\t\t\t\t\t<div class=\"elementor-custom-embed\">\n\t\t\t<iframe loading=\"lazy\"\n\t\t\t\t\tsrc=\"https:\/\/maps.google.com\/maps?q=DivemaRD&#038;t=m&#038;z=10&#038;output=embed&#038;iwloc=near\"\n\t\t\t\t\ttitle=\"DivemaRD\"\n\t\t\t\t\taria-label=\"DivemaRD\"\n\t\t\t><\/iframe>\n\t\t<\/div>\n\t\t\t\t\t\t<\/div>\n\t\t\t\t<\/div>\n\t\t\t\t\t<\/div>\n\t\t<\/div>\n\t\t\t\t\t<\/div>\n\t\t<\/section>\n\t\t\t\t<section class=\"elementor-section elementor-top-section elementor-element elementor-element-6c29edc elementor-section-boxed elementor-section-height-default elementor-section-height-default\" data-id=\"6c29edc\" data-element_type=\"section\" data-e-type=\"section\">\n\t\t\t\t\t\t<div class=\"elementor-container elementor-column-gap-default\">\n\t\t\t\t\t<div class=\"elementor-column elementor-col-100 elementor-top-column elementor-element elementor-element-3f0a920\" data-id=\"3f0a920\" data-element_type=\"column\" data-e-type=\"column\">\n\t\t\t<div class=\"elementor-widget-wrap\">\n\t\t\t\t\t\t\t<\/div>\n\t\t<\/div>\n\t\t\t\t\t<\/div>\n\t\t<\/section>\n\t\t\t\t<\/div>","protected":false},"excerpt":{"rendered":"<p>\u00bfTienes una consulta comercial o quieres conocer m\u00e1s sobre nuestros servicios? Escr\u00edbenos y nos pondremos en contacto contigo. Naves Canal del Este, fase 2, local 2 Friusa, B\u00e1varo. Punta Cana, Rep\u00fablica Dominicana Oficina + 1 809 455 2121 Celular + 1 809 769 8613 info@divemard.com D\u00c9JANOS TUS DATOS Y NOS PONDREMOS EN CONTACTO<\/p>","protected":false},"author":79796095,"featured_media":0,"parent":0,"menu_order":4,"comment_status":"closed","ping_status":"closed","template":"","meta":{"_coblocks_attr":"","_coblocks_dimensions":"","_coblocks_responsive_height":"","_coblocks_accordion_ie_support":"","hide_page_title":"","footnotes":""},"class_list":["post-39","page","type-page","status-publish","hentry"],"yoast_head":"<!-- This site is optimized with the Yoast SEO plugin v27.3 - https:\/\/yoast.com\/product\/yoast-seo-wordpress\/ -->\n<title>Contacto - DivemaRD Distribuidor en Rep\u00fablica Dominicana<\/title>\n<meta name=\"description\" content=\"Contacta con DivemaRD. Distribuidor mayorista en Rep\u00fablica Dominicana. Tel\u00e9fono, email y formulario de contacto disponibles.\" \/>\n<meta name=\"robots\" content=\"index, follow, max-snippet:-1, max-image-preview:large, max-video-preview:-1\" \/>\n<link rel=\"canonical\" href=\"https:\/\/divemard.com\/en\/contacto\/\" \/>\n<meta property=\"og:locale\" content=\"en_US\" \/>\n<meta property=\"og:type\" content=\"article\" \/>\n<meta property=\"og:title\" content=\"Contacto - DivemaRD Distribuidor en Rep\u00fablica Dominicana\" \/>\n<meta property=\"og:description\" content=\"Contacta con DivemaRD. Distribuidor mayorista en Rep\u00fablica Dominicana. Tel\u00e9fono, email y formulario de contacto disponibles.\" \/>\n<meta property=\"og:url\" content=\"https:\/\/divemard.com\/en\/contacto\/\" \/>\n<meta property=\"og:site_name\" content=\"DivemaRD\" \/>\n<meta property=\"article:publisher\" content=\"https:\/\/www.facebook.com\/divemard\" \/>\n<meta property=\"article:modified_time\" content=\"2026-03-21T01:19:59+00:00\" \/>\n<meta name=\"twitter:card\" content=\"summary_large_image\" \/>\n<meta name=\"twitter:label1\" content=\"Est. reading time\" \/>\n\t<meta name=\"twitter:data1\" content=\"1 minute\" \/>\n<script type=\"application\/ld+json\" class=\"yoast-schema-graph\">{\"@context\":\"https:\\\/\\\/schema.org\",\"@graph\":[{\"@type\":\"WebPage\",\"@id\":\"https:\\\/\\\/divemard.com\\\/contacto\\\/\",\"url\":\"https:\\\/\\\/divemard.com\\\/contacto\\\/\",\"name\":\"Contacto - DivemaRD Distribuidor en Rep\u00fablica Dominicana\",\"isPartOf\":{\"@id\":\"https:\\\/\\\/divemard.com\\\/#website\"},\"datePublished\":\"2017-12-02T16:36:30+00:00\",\"dateModified\":\"2026-03-21T01:19:59+00:00\",\"description\":\"Contacta con DivemaRD. Distribuidor mayorista en Rep\u00fablica Dominicana. Tel\u00e9fono, email y formulario de contacto disponibles.\",\"breadcrumb\":{\"@id\":\"https:\\\/\\\/divemard.com\\\/contacto\\\/#breadcrumb\"},\"inLanguage\":\"en-US\",\"potentialAction\":[{\"@type\":\"ReadAction\",\"target\":[\"https:\\\/\\\/divemard.com\\\/contacto\\\/\"]}]},{\"@type\":\"BreadcrumbList\",\"@id\":\"https:\\\/\\\/divemard.com\\\/contacto\\\/#breadcrumb\",\"itemListElement\":[{\"@type\":\"ListItem\",\"position\":1,\"name\":\"Portada\",\"item\":\"https:\\\/\\\/divemard.com\\\/\"},{\"@type\":\"ListItem\",\"position\":2,\"name\":\"Contacto\"}]},{\"@type\":\"WebSite\",\"@id\":\"https:\\\/\\\/divemard.com\\\/#website\",\"url\":\"https:\\\/\\\/divemard.com\\\/\",\"name\":\"DivemaRD\",\"description\":\"Distribuci\u00f3n y venta al por mayor Rep\u00fablica Dominicana\",\"potentialAction\":[{\"@type\":\"SearchAction\",\"target\":{\"@type\":\"EntryPoint\",\"urlTemplate\":\"https:\\\/\\\/divemard.com\\\/?s={search_term_string}\"},\"query-input\":{\"@type\":\"PropertyValueSpecification\",\"valueRequired\":true,\"valueName\":\"search_term_string\"}}],\"inLanguage\":\"en-US\"}]}<\/script>\n<!-- \/ Yoast SEO plugin. -->","yoast_head_json":{"title":"Contacto - DivemaRD Distribuidor en Rep\u00fablica Dominicana","description":"Contacta con DivemaRD. Distribuidor mayorista en Rep\u00fablica Dominicana. Tel\u00e9fono, email y formulario de contacto disponibles.","robots":{"index":"index","follow":"follow","max-snippet":"max-snippet:-1","max-image-preview":"max-image-preview:large","max-video-preview":"max-video-preview:-1"},"canonical":"https:\/\/divemard.com\/en\/contacto\/","og_locale":"en_US","og_type":"article","og_title":"Contacto - DivemaRD Distribuidor en Rep\u00fablica Dominicana","og_description":"Contacta con DivemaRD. Distribuidor mayorista en Rep\u00fablica Dominicana. Tel\u00e9fono, email y formulario de contacto disponibles.","og_url":"https:\/\/divemard.com\/en\/contacto\/","og_site_name":"DivemaRD","article_publisher":"https:\/\/www.facebook.com\/divemard","article_modified_time":"2026-03-21T01:19:59+00:00","twitter_card":"summary_large_image","twitter_misc":{"Est. reading time":"1 minute"},"schema":{"@context":"https:\/\/schema.org","@graph":[{"@type":"WebPage","@id":"https:\/\/divemard.com\/contacto\/","url":"https:\/\/divemard.com\/contacto\/","name":"Contacto - DivemaRD Distribuidor en Rep\u00fablica Dominicana","isPartOf":{"@id":"https:\/\/divemard.com\/#website"},"datePublished":"2017-12-02T16:36:30+00:00","dateModified":"2026-03-21T01:19:59+00:00","description":"Contacta con DivemaRD. Distribuidor mayorista en Rep\u00fablica Dominicana. Tel\u00e9fono, email y formulario de contacto disponibles.","breadcrumb":{"@id":"https:\/\/divemard.com\/contacto\/#breadcrumb"},"inLanguage":"en-US","potentialAction":[{"@type":"ReadAction","target":["https:\/\/divemard.com\/contacto\/"]}]},{"@type":"BreadcrumbList","@id":"https:\/\/divemard.com\/contacto\/#breadcrumb","itemListElement":[{"@type":"ListItem","position":1,"name":"Portada","item":"https:\/\/divemard.com\/"},{"@type":"ListItem","position":2,"name":"Contacto"}]},{"@type":"WebSite","@id":"https:\/\/divemard.com\/#website","url":"https:\/\/divemard.com\/","name":"DivemaRD","description":"Distribuci\u00f3n y venta al por mayor Rep\u00fablica Dominicana","potentialAction":[{"@type":"SearchAction","target":{"@type":"EntryPoint","urlTemplate":"https:\/\/divemard.com\/?s={search_term_string}"},"query-input":{"@type":"PropertyValueSpecification","valueRequired":true,"valueName":"search_term_string"}}],"inLanguage":"en-US"}]}},"_links":{"self":[{"href":"https:\/\/divemard.com\/en\/wp-json\/wp\/v2\/pages\/39","targetHints":{"allow":["GET"]}}],"collection":[{"href":"https:\/\/divemard.com\/en\/wp-json\/wp\/v2\/pages"}],"about":[{"href":"https:\/\/divemard.com\/en\/wp-json\/wp\/v2\/types\/page"}],"author":[{"embeddable":true,"href":"https:\/\/divemard.com\/en\/wp-json\/wp\/v2\/users\/79796095"}],"replies":[{"embeddable":true,"href":"https:\/\/divemard.com\/en\/wp-json\/wp\/v2\/comments?post=39"}],"version-history":[{"count":32,"href":"https:\/\/divemard.com\/en\/wp-json\/wp\/v2\/pages\/39\/revisions"}],"predecessor-version":[{"id":1012,"href":"https:\/\/divemard.com\/en\/wp-json\/wp\/v2\/pages\/39\/revisions\/1012"}],"wp:attachment":[{"href":"https:\/\/divemard.com\/en\/wp-json\/wp\/v2\/media?parent=39"}],"curies":[{"name":"wp","href":"https:\/\/api.w.org\/{rel}","templated":true}]}}